{"id":286,"date":"2014-10-03T14:58:39","date_gmt":"2014-10-03T12:58:39","guid":{"rendered":"http:\/\/agaweb.de\/aga\/wp\/?page_id=286"},"modified":"2022-04-24T18:47:56","modified_gmt":"2022-04-24T16:47:56","slug":"ueber-das-dorf","status":"publish","type":"page","link":"https:\/\/agaweb.de\/aga\/wp\/","title":{"rendered":"Gemeinde Agathenburg"},"content":{"rendered":"<p style=\"text-align: right;\"><a href=\"http:\/\/agaweb.de\/aga\/wp\/wp-content\/uploads\/2014\/10\/lg_Aga_nur_Wappen.png\"><img loading=\"lazy\" decoding=\"async\" class=\"alignnone  wp-image-369\" src=\"http:\/\/agaweb.de\/aga\/wp\/wp-content\/uploads\/2014\/10\/lg_Aga_nur_Wappen-278x300.png\" alt=\"lg_Aga_nur_Wappen\" width=\"104\" height=\"112\" srcset=\"https:\/\/agaweb.de\/aga\/wp\/wp-content\/uploads\/2014\/10\/lg_Aga_nur_Wappen-278x300.png 278w, https:\/\/agaweb.de\/aga\/wp\/wp-content\/uploads\/2014\/10\/lg_Aga_nur_Wappen.png 581w\" sizes=\"auto, (max-width: 104px) 100vw, 104px\" \/><\/a><\/p>\n<p><span class=\"xr_tl xr_s8\">Die Gemeinde hat ca. 1.150 Einwohner und<\/span><span class=\"xr_tl xr_s8\"> ist Mitgliedsgemeinde in der Samtgemeinde Horneburg.<\/span><\/p>\n<p>Die Lage im n\u00f6rdlichen Niedersachsen, direkt an der B 73 und vor den Toren von Stade sowie in der N\u00e4he der Elbe erm\u00f6glichen ein l\u00e4ndliches Wohnen mit einer direkten Anbindung an die Metropolregion Hamburg.<\/p>\n","protected":false},"excerpt":{"rendered":"<p>Die Gemeinde hat ca. 1.150 Einwohner und ist Mitgliedsgemeinde in der Samtgemeinde Horneburg. Die Lage im n\u00f6rdlichen Niedersachsen, direkt an der B 73 und vor den Toren von Stade sowie in der N\u00e4he der Elbe erm\u00f6glichen ein l\u00e4ndliches Wohnen mit einer direkten Anbindung an die Metropolregion Hamburg.<\/p>\n","protected":false},"author":1,"featured_media":0,"parent":0,"menu_order":0,"comment_status":"closed","ping_status":"closed","template":"","meta":{"_mc_calendar":[],"footnotes":""},"class_list":["post-286","page","type-page","status-publish","hentry"],"_links":{"self":[{"href":"https:\/\/agaweb.de\/aga\/wp\/index.php?rest_route=\/wp\/v2\/pages\/286","targetHints":{"allow":["GET"]}}],"collection":[{"href":"https:\/\/agaweb.de\/aga\/wp\/index.php?rest_route=\/wp\/v2\/pages"}],"about":[{"href":"https:\/\/agaweb.de\/aga\/wp\/index.php?rest_route=\/wp\/v2\/types\/page"}],"author":[{"embeddable":true,"href":"https:\/\/agaweb.de\/aga\/wp\/index.php?rest_route=\/wp\/v2\/users\/1"}],"replies":[{"embeddable":true,"href":"https:\/\/agaweb.de\/aga\/wp\/index.php?rest_route=%2Fwp%2Fv2%2Fcomments&post=286"}],"version-history":[{"count":0,"href":"https:\/\/agaweb.de\/aga\/wp\/index.php?rest_route=\/wp\/v2\/pages\/286\/revisions"}],"wp:attachment":[{"href":"https:\/\/agaweb.de\/aga\/wp\/index.php?rest_route=%2Fwp%2Fv2%2Fmedia&parent=286"}],"curies":[{"name":"wp","href":"https:\/\/api.w.org\/{rel}","templated":true}]}}