{"id":741,"date":"2020-05-22T18:09:00","date_gmt":"2020-05-22T16:09:00","guid":{"rendered":"http:\/\/agaweb.de\/aga\/wp\/?page_id=741"},"modified":"2020-05-22T18:31:40","modified_gmt":"2020-05-22T16:31:40","slug":"datenschutz","status":"publish","type":"page","link":"https:\/\/agaweb.de\/aga\/wp\/?page_id=741","title":{"rendered":"Datenschutz"},"content":{"rendered":"\n<h2 class=\"wp-block-heading\"><strong>Datenschutzerkl\u00e4rung unseres Blogs<\/strong><\/h2>\n\n\n\n<p>Wir freuen uns \u00fcber Ihren Besuch auf unserem Blog. Nachfolgend m\u00f6chten wir Sie \u00fcber den Umgang mit Ihren Daten gem. Art. 13 Datenschutzgrundverordnung (DSGVO) informieren.<\/p>\n\n\n\n<h2 class=\"wp-block-heading\"><strong>Verantwortlicher<\/strong><\/h2>\n\n\n\n<p>Verantwortlich f\u00fcr die nachfolgend dargestellte Datenerhebung und Verarbeitung ist die im <a href=\"http:\/\/agaweb.de\/aga\/wp\/?page_id=5\" target=\"_blank\" rel=\"noreferrer noopener\"><u>Impressum<\/u><\/a> genannte Stelle.<\/p>\n\n\n\n<h2 class=\"wp-block-heading\"><strong>Nutzungsdaten<\/strong><\/h2>\n\n\n\n<p>Um die Qualit\u00e4t unserer Webseiten zu verbessern, speichern wir zu statistischen Zwecken Daten \u00fcber den einzelnen Zugriff auf unsere Seite. Dieser Datensatz besteht aus<\/p>\n\n\n\n<ul class=\"wp-block-list\"><li>der Seite, von der aus die Datei angefordert wurde,<\/li><li>&nbsp;dem Namen der Datei,<\/li><li>dem Datum und der Uhrzeit der Abfrage,<\/li><li>der \u00fcbertragenen Datenmenge,<\/li><li>dem Zugriffsstatus (Datei \u00fcbertragen, Datei nicht gefunden),<\/li><li>der Beschreibung des Typs des verwendeten Webbrowsers,<\/li><li>der IP-Adresse des anfragenden Rechners, die so verk\u00fcrzt wird, dass ein Personenbezug nicht mehr herstellbar ist.<\/li><\/ul>\n\n\n\n<p>Die genannten Protokolldaten werden nur anonymisiert gespeichert.<\/p>\n\n\n\n<h2 class=\"wp-block-heading\">Protokollierung fehlerhafter Anmeldeversuche<\/h2>\n\n\n\n<p>Diese Website verf\u00fcgt \u00fcber einen Login-Bereich f\u00fcr Autoren. Sofern mehrmals hintereinander falsche Login-Daten eingegeben werden, wird zu Sicherheitszwecken die vollst\u00e4ndige IP-Adresse protokolliert, von welcher die fehlgeschlagenen Loginversuche unternommen wurden. Wir ben\u00f6tigen diese Information, um die entsprechende IP-Adresse f\u00fcr einen gewissen Zeitraum und ggf. auch dauerhaft zu sperren sowie auf unbefugte Zugriffsversuche angemessen reagieren zu k\u00f6nnen. Rechtsgrundlage hierf\u00fcr ist Art. 6 Abs. 1 lit f. DSGVO. Die Verarbeitung erfolgt in dem Interesse der Absicherung unseres Blogs.<\/p>\n\n\n\n<h2 class=\"wp-block-heading\">Matomo (ohne Cookies)<\/h2>\n\n\n\n<p>Zur bedarfsgerechten Gestaltung unserer Website verwenden wir das\u00a0Webanalysetool \u201cMatomo\u201d. Dieses erstellt Nutzungsprofile auf Grundlage anonymer Nutzungsdaten (Hashwert des Betriebssystems, des Browsers, der Browser-Plugins, der anonymisierten IP-Adresse und der Browsersprache). Es werden keine Cookies gesetzt. Obwohl wir somit nur anonyme Daten verarbeiten, m\u00f6chten wir Ihnen dennoch die M\u00f6glichkeit geben, dem Einsatz von Matomo zu widersprechen.\u00a0<a rel=\"noreferrer noopener\" href=\"https:\/\/agaweb.de\/aga\/wp\/optout.html\" target=\"_blank\">Folgen Sie hierzu bitte diesem Link und treffen die entsprechenden Einstellungen.<\/a>\u00a0Wenn Sie den Widerspruch erkl\u00e4ren, wird ein Cookie (piwik_ignore) auf Ihrem Endger\u00e4t abgelegt. Sie k\u00f6nnen diesen Cookie \u00fcber Ihre Browsereinstellungen jederzeit l\u00f6schen.<\/p>\n\n\n\n<h2 class=\"wp-block-heading\">Social Plugins<\/h2>\n\n\n\n<p>Aus Gr\u00fcnden des Datenschutzes binden wir keine Social Plugins direkt in unseren Webauftritt ein. Wenn Sie unsere Seiten aufrufen, werden daher keine Daten an Social Media-Dienste, wie etwa Facebook, Twitter, XING oder&nbsp;Google+ \u00fcbermittelt. Eine Profilbildung durch Dritte ist somit ausgeschlossen.<\/p>\n\n\n\n<p>Sie haben dennoch die M\u00f6glichkeit, unsere Blogbeitr\u00e4ge mit einem Klick auf Facebook, Twitter, XING oder&nbsp;Google+&nbsp;zu teilen und sehen zudem bereits bei Aufruf der Beitr\u00e4ge, wie oft diese&nbsp;in der Vergangenheit geteilt wurden. Wir nutzen hierzu die sog. <a href=\"http:\/\/www.heise.de\/ct\/artikel\/Shariff-Social-Media-Buttons-mit-Datenschutz-2467514.html\" target=\"_blank\" rel=\"noreferrer noopener\">Shariff-L\u00f6sung<\/a>, die vom c\u2019t Magazin entwickelt wurde, um eine datenschutzkonforme Alternative zu den klassischen Social-Plugins zu bieten.<\/p>\n\n\n\n<p>Was steckt dahinter? Die Shariff-L\u00f6sung f\u00fchrt dazu, dass in einem ersten Schritt alle Daten und Funktionen, die zur Darstellung der Facebook, Twitter, XING oder&nbsp;Google+ Schaltfl\u00e4chen erforderlich sind, von unserem Webserver bereitgestellt werden. Erst wenn Sie sich entschlie\u00dfen, einen Beitrag \u00fcber die entsprechende Schaltfl\u00e4che zu teilen und diese anklicken, erfolgt eine&nbsp;Daten\u00fcbertragung an den Betreiber des jeweiligen Social Media Dienstes. Die Datenverarbeitung erfolgt in diesem Fall auf der Grundlage von Art. 6 Abs. 1 lit. f DSGVO und in dem Interesse, Ihnen Ihre Meinungsfreiheit zu erhalten und unsere Beitr\u00e4ge besser (mit-)teilbar zu machen.<\/p>\n\n\n\n<p>Weitere Informationen finden Sie auch in diesem <a href=\"https:\/\/www.datenschutz-notizen.de\/neue-ein-klick-loesung-bei-social-media-buttons-009929\/\" target=\"_blank\" rel=\"noreferrer noopener\">Blogbeitrag<\/a>.<\/p>\n\n\n\n<h2 class=\"wp-block-heading\">Kommentarfunktion<\/h2>\n\n\n\n<p>Sie haben die M\u00f6glichkeit, unsere Beitr\u00e4ge zu kommentieren. In diesem Rahmen werden Sie gebeten, folgende Daten anzugeben:<\/p>\n\n\n\n<ul class=\"wp-block-list\"><li>Namen (freiwillig)<\/li><li>Kommentartext<\/li><\/ul>\n\n\n\n<p>Ihr Kommentar wird auf unserer Seite ver\u00f6ffentlicht. Bitte beachten Sie, dass wir diesen vor Ver\u00f6ffentlichung ggf. noch manuell pr\u00fcfen und Kommentare daher mit Verz\u00f6gerung erscheinen k\u00f6nnen. Falls Sie einen Namen angeben (hierbei kann es sich gerne auch um ein Pseudonym handeln) wird dieser neben Ihrem Kommentar ver\u00f6ffentlicht.&nbsp;Rechtsgrundlage der Verarbeitung ist Art. 6 Abs. 1 lit. f DSGVO. Unser Interesse ist es, einen Meinungsaustausch zu erm\u00f6glichen. Bitte beachten Sie, dass wir Kommentare vor Ver\u00f6ffentlichung manuell freigeben, was gerade an Wochenenden dazu f\u00fchren kann, dass Ihre Kommentare erst mit einiger Verz\u00f6gerung ver\u00f6ffentlicht werden.<\/p>\n\n\n\n<p>Wenn Sie der Verarbeitung Ihrer per Kommentarfunktion \u00fcbermittelten Daten widersprechen m\u00f6chten, wenden Sie sich bitte an die im Impressum genannte E-Mail-Adresse.<\/p>\n\n\n\n<h2 class=\"wp-block-heading\">Newsletter<\/h2>\n\n\n\n<p>Sie haben die M\u00f6glichkeit, sich f\u00fcr unseren Newsletter zu registrieren. F\u00fcr die Registrierung ben\u00f6tigen wir nur Ihre E-Mail-Adresse. Wir geben Ihre E-Mail-Adresse nicht an Dritte weiter. Sie k\u00f6nnen den Newsletter jederzeit abbestellen. Sie k\u00f6nnen hierzu z. B.&nbsp;den in jedem Newsletter vorhandenen Link zur Abbestellung nutzen.;Rechtsgrundlage der Datenverarbeitung ist Art. 6 Abs. 1 lit. a DSGVO (Ihre Einwilligung).<\/p>\n\n\n\n<p>Unser Newsletter enth\u00e4lt keine Trackingfunktionen (wir verwenden also weder Trackingpixel noch individualisierte Links).<\/p>\n\n\n\n<p>Wenn Sie sich f\u00fcr unseren Newsletter anmelden, versenden wir&nbsp;eine Best\u00e4tigungsmail an die im Rahmen der Anmeldung angegebene&nbsp;E-Mail-Adresse. In dieser Best\u00e4tigungsmail bitten wir Sie um Best\u00e4tigung der Anmeldung per Klick auf einen Best\u00e4tigungslink (sog. Double-Opt-In-Verfahren).&nbsp;Wir speichern die Kopie dieser Best\u00e4tigungsmail&nbsp;sowie den Zeitpunkt, in dem der Best\u00e4tigungslink aktiviert wurde. Wir nutzen diese Daten ausschlie\u00dflich, um nachweisen zu k\u00f6nnen, dass wir Newsletter nur dann versenden, wenn diese ausdr\u00fccklich vom Empf\u00e4nger bestellt wurden. Rechtsgrundlage dieser Speicherung ist Art. 6 Abs. 1 lit. f DSGVO. Die Datenverarbeitung erfolgt in dem Interesse, Einwilligungen in unseren Newsletter nachweisbar zu halten.<\/p>\n\n\n\n<h2 class=\"wp-block-heading\">Ihre pers\u00f6nlichen Daten<\/h2>\n\n\n\n<p>Sie k\u00f6nnen unser Blogangebot nutzen, ohne pers\u00f6nliche Angaben zu machen. Sie haben jedoch die M\u00f6glichkeit, uns per E-Mail zu kontaktieren.&nbsp;Daten, die Sie uns per E-Mail \u00fcbermitteln, verwenden wir ausschlie\u00dflich f\u00fcr die Bearbeitung Ihrer Anfrage.<\/p>\n\n\n\n<h2 class=\"wp-block-heading\"><strong>Daten\u00fcbermittlung an Dritte<\/strong><\/h2>\n\n\n\n<p>Wir behandeln Ihre personenbezogenen Daten vertraulich und \u00fcbermitteln diese nicht an unbefugte Dritte.<\/p>\n\n\n\n<h2 class=\"wp-block-heading\"><strong>Auftragsverarbeitung<\/strong><\/h2>\n\n\n\n<p>Im Rahmen des Betriebs dieser Webseiten und der damit zusammenh\u00e4ngenden Prozesse k\u00f6nnen uns weitere Dienstleister unterst\u00fctzen (z. B. beim Hosting und bei der Webentwicklung). Diese Dienstleister sind uns gegen\u00fcber streng weisungsgebunden und entsprechend Artikel 28 DSGVO vertraglich verpflichtet.<\/p>\n\n\n\n<h2 class=\"wp-block-heading\"><strong>Ihre Rechte als Nutzer<\/strong><\/h2>\n\n\n\n<p>Bei Verarbeitung Ihrer personenbezogenen Daten gew\u00e4hrt die DSGVO Ihnen als Webseitennutzer bestimmte Rechte:<\/p>\n\n\n\n<p><strong><u>1.) Auskunftsrecht (Art. 15 DSGVO):<\/u><\/strong><\/p>\n\n\n\n<p>Sie haben das Recht eine Best\u00e4tigung dar\u00fcber zu verlangen, ob sie betreffende personenbezogene Daten verarbeitet werden; ist dies der Fall, so haben Sie ein Recht auf Auskunft \u00fcber diese personenbezogenen Daten und auf die in Art. 15 DSGVO im einzelnen aufgef\u00fchrten Informationen.<\/p>\n\n\n\n<p><strong><u>2.) Recht auf Berichtigung und L\u00f6schung (Art. 16 und 17 DSGVO):<\/u><\/strong><\/p>\n\n\n\n<p>Sie haben das Recht, unverz\u00fcglich die Berichtigung sie betreffender unrichtiger personenbezogener Daten und ggf. die Vervollst\u00e4ndigung unvollst\u00e4ndiger personenbezogener Daten zu verlangen.<\/p>\n\n\n\n<p>Sie haben zudem das Recht, zu verlangen, dass sie betreffende personenbezogene Daten unverz\u00fcglich gel\u00f6scht werden, sofern einer der in Art. 17 DSGVO im einzelnen aufgef\u00fchrten Gr\u00fcnde zutrifft, z. B. wenn die Daten f\u00fcr die verfolgten Zwecke nicht mehr ben\u00f6tigt werden.<\/p>\n\n\n\n<p><strong><u>3.) Recht auf Einschr\u00e4nkung der Verarbeitung (Art. 18 DSGVO):<\/u><\/strong><\/p>\n\n\n\n<p>Sie haben das Recht, die Einschr\u00e4nkung der Verarbeitung zu verlangen, wenn eine der in Art. 18 DSGVO aufgef\u00fchrten Voraussetzungen gegeben ist, z. B. wenn Sie Widerspruch gegen die Verarbeitung eingelegt haben, f\u00fcr die Dauer einer etwaigen Pr\u00fcfung.<\/p>\n\n\n\n<p><strong><u>4.) Recht auf Daten\u00fcbertragbarkeit (Art. 20 DSGVO):<\/u><\/strong><\/p>\n\n\n\n<p>In bestimmten F\u00e4llen, die in Art. 20 DSGVO im Einzelnen aufgef\u00fchrt werden, haben Sie das Recht, die sie betreffenden personenbezogenen Daten in einem strukturierten, g\u00e4ngigen und maschinenlesbaren Format zu erhalten bzw. die \u00dcbermittlung dieser Daten an einen Dritten zu verlangen.<\/p>\n\n\n\n<p><strong><u>5.) Widerspruchsrecht (Art. 21 DSGVO):<\/u><\/strong><\/p>\n\n\n\n<p>Werden Daten auf Grundlage von Art. 6 Abs. 1 lit. f erhoben (Datenverarbeitung zur Wahrung berechtigter Interessen), steht Ihnen das Recht zu, aus Gr\u00fcnden, die sich aus Ihrer besonderen Situation ergeben, jederzeit gegen die Verarbeitung Widerspruch einzulegen. Wir verarbeiten die personenbezogenen Daten dann nicht mehr, es sei denn, es liegen nachweisbar zwingende schutzw\u00fcrdige Gr\u00fcnde f\u00fcr die Verarbeitung vor, die die Interessen, Rechte und Freiheiten der betroffenen Person \u00fcberwiegen, oder die Verarbeitung dient der Geltendmachung, Aus\u00fcbung oder Verteidigung von Rechtsanspr\u00fcchen.<\/p>\n\n\n\n<h2 class=\"wp-block-heading\"><strong>Beschwerderecht bei einer Aufsichtsbeh\u00f6rde<\/strong><\/h2>\n\n\n\n<p>Sie haben gem. Art. 77 DSGVO das Recht auf Beschwerde bei einer Aufsichtsbeh\u00f6rde, wenn Sie der Ansicht sind, dass die Verarbeitung der Sie betreffenden Daten gegen datenschutzrechtliche Bestimmungen verst\u00f6\u00dft. Das Beschwerderecht kann insbesondere bei einer Aufsichtsbeh\u00f6rde in dem Mitgliedstaat Ihres Aufenthaltsorts, Ihres Arbeitsplatzes oder des Orts des mutma\u00dflichen Versto\u00dfes geltend gemacht werden.<\/p>\n\n\n\n<h2 class=\"wp-block-heading\"><strong>Kontaktdaten unseres Datenschutzbeauftragten<\/strong><\/h2>\n\n\n\n<p>Thilo Jungnickel<br>Feld\u00adblumen\u00adweg 26<br>21684 Agathenburg<\/p>\n\n\n\n<p>04141 530 340<br>thilo.jungnickel (a) web.de<\/p>\n","protected":false},"excerpt":{"rendered":"<p>Datenschutzerkl\u00e4rung unseres Blogs Wir freuen uns \u00fcber Ihren Besuch auf unserem Blog. Nachfolgend m\u00f6chten wir Sie \u00fcber den Umgang mit Ihren Daten gem. Art. 13 Datenschutzgrundverordnung (DSGVO) informieren. Verantwortlicher Verantwortlich f\u00fcr die nachfolgend dargestellte Datenerhebung und Verarbeitung ist die im Impressum genannte Stelle. Nutzungsdaten Um die Qualit\u00e4t unserer Webseiten zu verbessern, speichern wir zu statistischen [&hellip;]<\/p>\n","protected":false},"author":1,"featured_media":0,"parent":0,"menu_order":0,"comment_status":"closed","ping_status":"closed","template":"","meta":{"_mc_calendar":[],"footnotes":""},"class_list":["post-741","page","type-page","status-publish","hentry"],"_links":{"self":[{"href":"https:\/\/agaweb.de\/aga\/wp\/index.php?rest_route=\/wp\/v2\/pages\/741","targetHints":{"allow":["GET"]}}],"collection":[{"href":"https:\/\/agaweb.de\/aga\/wp\/index.php?rest_route=\/wp\/v2\/pages"}],"about":[{"href":"https:\/\/agaweb.de\/aga\/wp\/index.php?rest_route=\/wp\/v2\/types\/page"}],"author":[{"embeddable":true,"href":"https:\/\/agaweb.de\/aga\/wp\/index.php?rest_route=\/wp\/v2\/users\/1"}],"replies":[{"embeddable":true,"href":"https:\/\/agaweb.de\/aga\/wp\/index.php?rest_route=%2Fwp%2Fv2%2Fcomments&post=741"}],"version-history":[{"count":0,"href":"https:\/\/agaweb.de\/aga\/wp\/index.php?rest_route=\/wp\/v2\/pages\/741\/revisions"}],"wp:attachment":[{"href":"https:\/\/agaweb.de\/aga\/wp\/index.php?rest_route=%2Fwp%2Fv2%2Fmedia&parent=741"}],"curies":[{"name":"wp","href":"https:\/\/api.w.org\/{rel}","templated":true}]}}